{"id":29,"date":"2023-06-06T15:43:53","date_gmt":"2023-06-06T22:43:53","guid":{"rendered":"https:\/\/www.theexchangenetwork.ca\/?page_id=29"},"modified":"2023-11-28T11:11:08","modified_gmt":"2023-11-28T18:11:08","slug":"traveling-to-the-us","status":"publish","type":"page","link":"https:\/\/www.theexchangenetwork.ca\/fr\/traveling-to-the-us\/","title":{"rendered":"Traveling to the US"},"content":{"rendered":"<style type=\"text\/css\" data-created_by=\"avia_inline_auto\" id=\"style-css-av-533j9-5732487088cc9fe90fd58fc30ca73d55\">\n.avia-section.av-533j9-5732487088cc9fe90fd58fc30ca73d55{\nbackground-repeat:no-repeat;\nbackground-image:url(https:\/\/www.theexchangenetwork.ca\/wp-content\/uploads\/2023\/06\/Banner_traveling_to_the_us_2.jpg);\nbackground-position:0% 0%;\nbackground-attachment:scroll;\n}\n<\/style>\n<div id='av_section_1'  class='avia-section av-533j9-5732487088cc9fe90fd58fc30ca73d55 main_color avia-section-default avia-no-border-styling  avia-builder-el-0  el_before_av_section  avia-builder-el-first  inner-banner avia-full-stretch avia-bg-style-scroll container_wrap fullsize'  data-section-bg-repeat='stretch'><div class='container av-section-cont-open' ><main   itemprop=\"mainContentOfPage\"  class='template-page content  av-content-full alpha units'><div class='post-entry post-entry-type-page post-entry-29'><div class='entry-content-wrapper clearfix'>\n<div  class='flex_column av-4k2fd-8db8250107b58cd83b28dedc6befd054 av_one_full  avia-builder-el-1  avia-builder-el-no-sibling  first flex_column_div'     ><section  class='av_textblock_section av-3xxih-a7a245039b60277e2a335b241bc20ed8'   itemscope=\"itemscope\" itemtype=\"https:\/\/schema.org\/CreativeWork\" ><div class='avia_textblock'  itemprop=\"text\" ><h1 style=\"text-align: center;\">UN VOYAGE AUX US?<\/h1>\n<\/div><\/section><\/div>\n\n<\/div><\/div><\/main><!-- close content main element --><\/div><\/div>\n<style type=\"text\/css\" data-created_by=\"avia_inline_auto\" id=\"style-css-av-lip47kvt-f9f0d6d2f0fe5c0f555a597743025272\">\n.avia-section.av-lip47kvt-f9f0d6d2f0fe5c0f555a597743025272{\nbackground-repeat:repeat;\nbackground-image:url(https:\/\/www.theexchangenetwork.ca\/wp-content\/uploads\/2023\/06\/Map_Background.jpg);\nbackground-position:0% 0%;\nbackground-attachment:scroll;\n}\n<\/style>\n<div id='av_section_2'  class='avia-section av-lip47kvt-f9f0d6d2f0fe5c0f555a597743025272 main_color avia-section-default avia-no-border-styling  avia-builder-el-3  el_after_av_section  el_before_av_section  col-2-section mobile-column-reverse col-2-center-img mb-20 avia-bg-style-scroll container_wrap fullsize'  data-section-bg-repeat='repeat'><div class='container av-section-cont-open' ><div class='template-page content  av-content-full alpha units'><div class='post-entry post-entry-type-page post-entry-29'><div class='entry-content-wrapper clearfix'>\n<div class='flex_column_table av-3gtrt-7b4a85a05bfcbad557e9ca6135662543 sc-av_one_full av-equal-height-column-flextable'>\n<style type=\"text\/css\" data-created_by=\"avia_inline_auto\" id=\"style-css-av-3gtrt-7b4a85a05bfcbad557e9ca6135662543\">\n.flex_column.av-3gtrt-7b4a85a05bfcbad557e9ca6135662543{\nbackground-color:#ffffff;\n}\n<\/style>\n<div  class='flex_column av-3gtrt-7b4a85a05bfcbad557e9ca6135662543 av_one_full  avia-builder-el-4  el_before_av_one_full  avia-builder-el-first  first flex_column_table_cell av-equal-height-column av-align-middle'     ><section  class='av_textblock_section av-lip49quh-8f397f1e0595e6c01cc8fddc7051b8f8'   itemscope=\"itemscope\" itemtype=\"https:\/\/schema.org\/CreativeWork\" ><div class='avia_textblock'  itemprop=\"text\" ><h3>ACC\u00c8S<br \/>\nAUX US<\/h3>\n<p>En tant que titulaire de carte EXCHANGE canadien, vous avez acc\u00e8s sans suppl\u00e9ment \u00e0 plus de 40 000 guichets automatiques aux \u00c9tats-Unis par l\u2019interm\u00e9diaire du r\u00e9seau Allpoint. Ces guichets automatiques se trouvent dans les principaux points de vente au d\u00e9tail et vous permettent de retirer de l\u2019argent sans payer de frais suppl\u00e9mentaires au propri\u00e9taire du guichet automatique. Recherchez simplement le logo Allpoint lorsque vous voyagez aux \u00c9tats-Unis ou utilisez notre localisateur de guichets automatiques.<\/p>\n<p>Vous pouvez \u00e9galement retirer de l\u2019argent \u00e0 plus de 500 000 guichets automatiques affichant le logo Accel, partout aux \u00c9tats-Unis pour un frais suppl\u00e9mentaire.<\/p>\n<\/div><\/section><br \/>\n<div  class='avia-button-wrap av-lip4a4om-08f6e9064eb6b1a184573443ab0cc982-wrap avia-button-left  avia-builder-el-6  el_after_av_textblock  avia-builder-el-last'><a href='https:\/\/www.theexchangenetwork.ca\/fr\/find-an-atm\/'  class='avia-button av-lip4a4om-08f6e9064eb6b1a184573443ab0cc982 av-link-btn avia-icon_select-no avia-size-small avia-position-left avia-color-theme-color'   aria-label=\"LOCALISATEUR DE GUICHETS AUTOMATIQUES\"><span class='avia_iconbox_title' >LOCALISATEUR DE GUICHETS AUTOMATIQUES<\/span><\/a><\/div><\/p><\/div><\/div><!--close column table wrapper. Autoclose: 1 --><div  class='flex_column av-2uezd-02b26611c5bf5af1caa13618317a8109 av_one_full  avia-builder-el-7  el_after_av_one_full  avia-builder-el-last  mobile-img-d-none first flex_column_div  column-top-margin'     ><style type=\"text\/css\" data-created_by=\"avia_inline_auto\" id=\"style-css-av-lip49hzl-0ddbafecef89f301f57e347ad38053e8\">\n.avia-image-container.av-lip49hzl-0ddbafecef89f301f57e347ad38053e8 img.avia_image{\nbox-shadow:none;\n}\n.avia-image-container.av-lip49hzl-0ddbafecef89f301f57e347ad38053e8 .av-image-caption-overlay-center{\ncolor:#ffffff;\n}\n<\/style>\n<div  class='avia-image-container av-lip49hzl-0ddbafecef89f301f57e347ad38053e8 av-styling- avia-align-center  avia-builder-el-8  avia-builder-el-no-sibling'   itemprop=\"image\" itemscope=\"itemscope\" itemtype=\"https:\/\/schema.org\/ImageObject\" ><div class=\"avia-image-container-inner\"><div class=\"avia-image-overlay-wrap\"><img decoding=\"async\" fetchpriority=\"high\" class='wp-image-150 avia-img-lazy-loading-not-150 avia_image' src=\"https:\/\/www.theexchangenetwork.ca\/wp-content\/uploads\/2023\/06\/us_travel_image_3.jpg\" alt='Allpoint Accell ATM' title='us_travel_image_3'  height=\"563\" width=\"842\"  itemprop=\"thumbnailUrl\" srcset=\"https:\/\/www.theexchangenetwork.ca\/wp-content\/uploads\/2023\/06\/us_travel_image_3.jpg 842w, https:\/\/www.theexchangenetwork.ca\/wp-content\/uploads\/2023\/06\/us_travel_image_3-300x201.jpg 300w, https:\/\/www.theexchangenetwork.ca\/wp-content\/uploads\/2023\/06\/us_travel_image_3-768x514.jpg 768w\" sizes=\"(max-width: 842px) 100vw, 842px\" \/><\/div><\/div><\/div><\/div>\n\n<\/div><\/div><\/div><!-- close content main div --><\/div><\/div>\n<style type=\"text\/css\" data-created_by=\"avia_inline_auto\" id=\"style-css-av-lip4ao84-3f96068c226a9a99bf4efbba4d7232d4\">\n.avia-section.av-lip4ao84-3f96068c226a9a99bf4efbba4d7232d4{\nbackground-repeat:repeat;\nbackground-image:url(https:\/\/www.theexchangenetwork.ca\/wp-content\/uploads\/2023\/06\/Map_Background.jpg);\nbackground-position:0% 0%;\nbackground-attachment:scroll;\n}\n<\/style>\n<div id='av_section_3'  class='avia-section av-lip4ao84-3f96068c226a9a99bf4efbba4d7232d4 main_color avia-section-default avia-no-border-styling  avia-builder-el-9  el_after_av_section  avia-builder-el-last  col-2-section col-2-center-img mobile-column-reverse mt-20 avia-bg-style-scroll container_wrap fullsize'  data-section-bg-repeat='repeat'><div class='container av-section-cont-open' ><div class='template-page content  av-content-full alpha units'><div class='post-entry post-entry-type-page post-entry-29'><div class='entry-content-wrapper clearfix'>\n<div class='flex_column_table av-lip4bjed-641b5c02fd4c59abbcdfc3ddfb4ae92e sc-av_one_full av-equal-height-column-flextable'>\n<style type=\"text\/css\" data-created_by=\"avia_inline_auto\" id=\"style-css-av-lip4bjed-641b5c02fd4c59abbcdfc3ddfb4ae92e\">\n.flex_column.av-lip4bjed-641b5c02fd4c59abbcdfc3ddfb4ae92e{\nbackground-color:#ffffff;\n}\n<\/style>\n<div  class='flex_column av-lip4bjed-641b5c02fd4c59abbcdfc3ddfb4ae92e av_one_full  avia-builder-el-10  el_before_av_one_full  avia-builder-el-first  green-heading first flex_column_table_cell av-equal-height-column av-align-middle'     ><section  class='av_textblock_section av-lip4b8j7-0a3febc9e8e860be384d1752a236ee96'   itemscope=\"itemscope\" itemtype=\"https:\/\/schema.org\/CreativeWork\" ><div class='avia_textblock'  itemprop=\"text\" ><h3>COMMER\u00c7ANTS<\/h3>\n<p>De nombreuses institutions financi\u00e8res offrent aussi l'acc\u00e8s au r\u00e9seau de points de vente Accel aux \u00c9tats-Unis. Le r\u00e9seau Accel est l\u2019un des plus vastes r\u00e9seaux de points de vente aux \u00c9tats-Unis et compte plus de 3 millions de marchands participants.<\/p>\n<p>Le r\u00e9seau Accel fonctionne exactement de la m\u00eame mani\u00e8re que les achats par carte de d\u00e9bit effectu\u00e9s au Canada. Le client paie ses achats en glissant ou en ins\u00e9rant sa carte de d\u00e9bit dans un terminal et confirme la transaction en inscrivant son NIP.<\/p>\n<\/div><\/section><\/div><\/div><!--close column table wrapper. Autoclose: 1 --><div class='flex_column_table av-lip4dcig-ba8cd75f99a1a337ee93148558d8e081 sc-av_one_full av-equal-height-column-flextable'><div  class='flex_column av-lip4dcig-ba8cd75f99a1a337ee93148558d8e081 av_one_full  avia-builder-el-12  el_after_av_one_full  avia-builder-el-last  green-section first flex_column_table_cell av-equal-height-column av-align-middle  column-top-margin'     ><section  class='av_textblock_section av-1cibh-80f5837a21fb1a4b5d50b08389327706'   itemscope=\"itemscope\" itemtype=\"https:\/\/schema.org\/CreativeWork\" ><div class='avia_textblock'  itemprop=\"text\" ><h3>SERVICES QUI VOUS SONT OFFERTS<\/h3>\n<p>Vous n\u2019\u00eates pas s\u00fbr si vous avez acc\u00e8s au r\u00e9seau Accel? Cherchez votre caisse populaire ou votre banque sur notre page consacr\u00e9e aux institutions financi\u00e8res participantes pour conna\u00eetre les services auxquels vous avez acc\u00e8s.<\/p>\n<\/div><\/section><br \/>\n<div  class='avia-button-wrap av-pfat-e806c5ac4e5dfc4a330aef28bc2507dc-wrap avia-button-left  avia-builder-el-14  el_after_av_textblock  avia-builder-el-last'><a href='https:\/\/www.theexchangenetwork.ca\/fr\/participating-financial-institutions\/'  class='avia-button av-pfat-e806c5ac4e5dfc4a330aef28bc2507dc av-link-btn avia-icon_select-no avia-size-small avia-position-left avia-color-theme-color'   aria-label=\"INSTITUTIONS FINANCI\u00c8RES PARTICIPANTES\"><span class='avia_iconbox_title' >INSTITUTIONS FINANCI\u00c8RES PARTICIPANTES<\/span><\/a><\/div><\/p><\/div><\/div><!--close column table wrapper. Autoclose: 1 -->","protected":false},"excerpt":{"rendered":"","protected":false},"author":1,"featured_media":0,"parent":0,"menu_order":0,"comment_status":"closed","ping_status":"closed","template":"","meta":{"footnotes":""},"class_list":["post-29","page","type-page","status-publish","hentry"],"yoast_head":"<!-- This site is optimized with the Yoast SEO plugin v27.5 - https:\/\/yoast.com\/product\/yoast-seo-wordpress\/ -->\n<title>Surcharge-Free ATMs in the USA for Canadian Cardholders<\/title>\n<meta name=\"description\" content=\"As a Canadian EXCHANGE cardholder, you have surcharge-free access to over 40,000 ATMs across the USA.\" \/>\n<meta name=\"robots\" content=\"index, follow, max-snippet:-1, max-image-preview:large, max-video-preview:-1\" \/>\n<link rel=\"canonical\" href=\"https:\/\/www.theexchangenetwork.ca\/fr\/traveling-to-the-us\/\" \/>\n<script type=\"application\/ld+json\" class=\"yoast-schema-graph\">{\"@context\":\"https:\\\/\\\/schema.org\",\"@graph\":[{\"@type\":\"WebPage\",\"@id\":\"https:\\\/\\\/www.theexchangenetwork.ca\\\/fr\\\/traveling-to-the-us\\\/\",\"url\":\"https:\\\/\\\/www.theexchangenetwork.ca\\\/fr\\\/traveling-to-the-us\\\/\",\"name\":\"Surcharge-Free ATMs in the USA for Canadian Cardholders\",\"isPartOf\":{\"@id\":\"https:\\\/\\\/www.theexchangenetwork.ca\\\/#website\"},\"datePublished\":\"2023-06-06T22:43:53+00:00\",\"dateModified\":\"2023-11-28T18:11:08+00:00\",\"description\":\"As a Canadian EXCHANGE cardholder, you have surcharge-free access to over 40,000 ATMs across the USA.\",\"breadcrumb\":{\"@id\":\"https:\\\/\\\/www.theexchangenetwork.ca\\\/fr\\\/traveling-to-the-us\\\/#breadcrumb\"},\"inLanguage\":\"fr-CA\",\"potentialAction\":[{\"@type\":\"ReadAction\",\"target\":[\"https:\\\/\\\/www.theexchangenetwork.ca\\\/fr\\\/traveling-to-the-us\\\/\"]}]},{\"@type\":\"BreadcrumbList\",\"@id\":\"https:\\\/\\\/www.theexchangenetwork.ca\\\/fr\\\/traveling-to-the-us\\\/#breadcrumb\",\"itemListElement\":[{\"@type\":\"ListItem\",\"position\":1,\"name\":\"Home\",\"item\":\"https:\\\/\\\/www.theexchangenetwork.ca\\\/home\\\/\"},{\"@type\":\"ListItem\",\"position\":2,\"name\":\"Traveling to the US\"}]},{\"@type\":\"WebSite\",\"@id\":\"https:\\\/\\\/www.theexchangenetwork.ca\\\/#website\",\"url\":\"https:\\\/\\\/www.theexchangenetwork.ca\\\/\",\"name\":\"The Exchange Network\",\"description\":\"THE EXCHANGE Network is a group of banks and credit unions that have come together and agreed to let their cardholders use each others ATMs as if they were their own.\",\"potentialAction\":[{\"@type\":\"SearchAction\",\"target\":{\"@type\":\"EntryPoint\",\"urlTemplate\":\"https:\\\/\\\/www.theexchangenetwork.ca\\\/?s={search_term_string}\"},\"query-input\":{\"@type\":\"PropertyValueSpecification\",\"valueRequired\":true,\"valueName\":\"search_term_string\"}}],\"inLanguage\":\"fr-CA\"}]}<\/script>\n<!-- \/ Yoast SEO plugin. -->","yoast_head_json":{"title":"Surcharge-Free ATMs in the USA for Canadian Cardholders","description":"As a Canadian EXCHANGE cardholder, you have surcharge-free access to over 40,000 ATMs across the USA.","robots":{"index":"index","follow":"follow","max-snippet":"max-snippet:-1","max-image-preview":"max-image-preview:large","max-video-preview":"max-video-preview:-1"},"canonical":"https:\/\/www.theexchangenetwork.ca\/fr\/traveling-to-the-us\/","schema":{"@context":"https:\/\/schema.org","@graph":[{"@type":"WebPage","@id":"https:\/\/www.theexchangenetwork.ca\/fr\/traveling-to-the-us\/","url":"https:\/\/www.theexchangenetwork.ca\/fr\/traveling-to-the-us\/","name":"Surcharge-Free ATMs in the USA for Canadian Cardholders","isPartOf":{"@id":"https:\/\/www.theexchangenetwork.ca\/#website"},"datePublished":"2023-06-06T22:43:53+00:00","dateModified":"2023-11-28T18:11:08+00:00","description":"As a Canadian EXCHANGE cardholder, you have surcharge-free access to over 40,000 ATMs across the USA.","breadcrumb":{"@id":"https:\/\/www.theexchangenetwork.ca\/fr\/traveling-to-the-us\/#breadcrumb"},"inLanguage":"fr-CA","potentialAction":[{"@type":"ReadAction","target":["https:\/\/www.theexchangenetwork.ca\/fr\/traveling-to-the-us\/"]}]},{"@type":"BreadcrumbList","@id":"https:\/\/www.theexchangenetwork.ca\/fr\/traveling-to-the-us\/#breadcrumb","itemListElement":[{"@type":"ListItem","position":1,"name":"Home","item":"https:\/\/www.theexchangenetwork.ca\/home\/"},{"@type":"ListItem","position":2,"name":"Traveling to the US"}]},{"@type":"WebSite","@id":"https:\/\/www.theexchangenetwork.ca\/#website","url":"https:\/\/www.theexchangenetwork.ca\/","name":"The Exchange Network","description":"THE EXCHANGE Network is a group of banks and credit unions that have come together and agreed to let their cardholders use each others ATMs as if they were their own.","potentialAction":[{"@type":"SearchAction","target":{"@type":"EntryPoint","urlTemplate":"https:\/\/www.theexchangenetwork.ca\/?s={search_term_string}"},"query-input":{"@type":"PropertyValueSpecification","valueRequired":true,"valueName":"search_term_string"}}],"inLanguage":"fr-CA"}]}},"_links":{"self":[{"href":"https:\/\/www.theexchangenetwork.ca\/fr\/wp-json\/wp\/v2\/pages\/29","targetHints":{"allow":["GET"]}}],"collection":[{"href":"https:\/\/www.theexchangenetwork.ca\/fr\/wp-json\/wp\/v2\/pages"}],"about":[{"href":"https:\/\/www.theexchangenetwork.ca\/fr\/wp-json\/wp\/v2\/types\/page"}],"author":[{"embeddable":true,"href":"https:\/\/www.theexchangenetwork.ca\/fr\/wp-json\/wp\/v2\/users\/1"}],"replies":[{"embeddable":true,"href":"https:\/\/www.theexchangenetwork.ca\/fr\/wp-json\/wp\/v2\/comments?post=29"}],"version-history":[{"count":19,"href":"https:\/\/www.theexchangenetwork.ca\/fr\/wp-json\/wp\/v2\/pages\/29\/revisions"}],"predecessor-version":[{"id":149,"href":"https:\/\/www.theexchangenetwork.ca\/fr\/wp-json\/wp\/v2\/pages\/29\/revisions\/149"}],"wp:attachment":[{"href":"https:\/\/www.theexchangenetwork.ca\/fr\/wp-json\/wp\/v2\/media?parent=29"}],"curies":[{"name":"wp","href":"https:\/\/api.w.org\/{rel}","templated":true}]}}