{"id":27,"date":"2023-06-06T15:43:08","date_gmt":"2023-06-06T22:43:08","guid":{"rendered":"https:\/\/www.theexchangenetwork.ca\/?page_id=27"},"modified":"2025-03-17T14:53:09","modified_gmt":"2025-03-17T21:53:09","slug":"downloads","status":"publish","type":"page","link":"https:\/\/www.theexchangenetwork.ca\/fr\/downloads\/","title":{"rendered":"Downloads"},"content":{"rendered":"<style type=\"text\/css\" data-created_by=\"avia_inline_auto\" id=\"style-css-av-lit1h8yx-2e6bc836f16d5acc36ae6dd2aba4ff58\">\n.avia-section.av-lit1h8yx-2e6bc836f16d5acc36ae6dd2aba4ff58{\nbackground-repeat:no-repeat;\nbackground-image:url(https:\/\/www.theexchangenetwork.ca\/wp-content\/uploads\/2023\/06\/downloads_banner_background.jpg);\nbackground-position:0% 0%;\nbackground-attachment:scroll;\n}\n<\/style>\n<div id='av_section_1'  class='avia-section av-lit1h8yx-2e6bc836f16d5acc36ae6dd2aba4ff58 main_color avia-section-default avia-no-border-styling  avia-builder-el-0  el_before_av_section  avia-builder-el-first  inner-banner avia-full-stretch avia-bg-style-scroll container_wrap fullsize'  data-section-bg-repeat='stretch'><div class='container av-section-cont-open' ><main   itemprop=\"mainContentOfPage\"  class='template-page content  av-content-full alpha units'><div class='post-entry post-entry-type-page post-entry-27'><div class='entry-content-wrapper clearfix'>\n<div  class='flex_column av-13gmf-6b88f1b36b94f241347ef88de26822db av_one_full  avia-builder-el-1  avia-builder-el-no-sibling  first flex_column_div'     ><section  class='av_textblock_section av-lit1hfxx-d43b6e6c927a61529453442b4a54e695'   itemscope=\"itemscope\" itemtype=\"https:\/\/schema.org\/CreativeWork\" ><div class='avia_textblock'  itemprop=\"text\" ><h1 style=\"text-align: center;\">T\u00c9L\u00c9CHARGEMENTS<\/h1>\n<\/div><\/section><\/div>\n\n<\/div><\/div><\/main><!-- close content main element --><\/div><\/div>\n<style type=\"text\/css\" data-created_by=\"avia_inline_auto\" id=\"style-css-av-21zln-b1be2f663b9461c33899f54d13bb7902\">\n.avia-section.av-21zln-b1be2f663b9461c33899f54d13bb7902{\nbackground-repeat:no-repeat;\nbackground-image:url(https:\/\/www.theexchangenetwork.ca\/wp-content\/uploads\/2023\/06\/Map_Background.jpg);\nbackground-position:0% 0%;\nbackground-attachment:scroll;\n}\n<\/style>\n<div id='av_section_2'  class='avia-section av-21zln-b1be2f663b9461c33899f54d13bb7902 main_color avia-section-default avia-no-border-styling  avia-builder-el-3  el_after_av_section  el_before_av_section  download-section avia-bg-style-scroll container_wrap fullsize'  data-section-bg-repeat='no-repeat'><div class='container av-section-cont-open' ><div class='template-page content  av-content-full alpha units'><div class='post-entry post-entry-type-page post-entry-27'><div class='entry-content-wrapper clearfix'>\n<div  class='flex_column av-1pfd3-3983c3d0ff1a88af08827dbba27b9a62 av_one_full  avia-builder-el-4  avia-builder-el-no-sibling  first flex_column_div'     ><section  class='av_textblock_section av-122p7-f8f8e055fea0f073073ea307de5557ee'   itemscope=\"itemscope\" itemtype=\"https:\/\/schema.org\/CreativeWork\" ><div class='avia_textblock'  itemprop=\"text\" ><h2>S\u00c9LECTIONNEZ VOTRE APPAREIL<\/h2>\n<p>Trouver un GAB n\u2019a jamais \u00e9t\u00e9 aussi simple! Le localisateur de GAB du r\u00e9seau THE EXCHANGE est maintenant disponible sur les appareils, Android, iPhone, iPad et Apple Watch. L\u2019application est gratuite et conviviale.<\/p>\n<\/div><\/section><\/div>\n\n<\/div><\/div><\/div><!-- close content main div --><\/div><\/div>\n<style type=\"text\/css\" data-created_by=\"avia_inline_auto\" id=\"style-css-av-1zguz-359e8a96c8bfc3cd87dfc9d2231fd73f\">\n.avia-section.av-1zguz-359e8a96c8bfc3cd87dfc9d2231fd73f{\nbackground-repeat:no-repeat;\nbackground-image:url(https:\/\/www.theexchangenetwork.ca\/wp-content\/uploads\/2023\/06\/Map_Background.jpg);\nbackground-position:0% 0%;\nbackground-attachment:scroll;\n}\n<\/style>\n<div id='av_section_3'  class='avia-section av-1zguz-359e8a96c8bfc3cd87dfc9d2231fd73f main_color avia-section-default avia-no-border-styling  avia-builder-el-6  el_after_av_section  avia-builder-el-last  download-section app-download-columns avia-bg-style-scroll container_wrap fullsize'  data-section-bg-repeat='no-repeat'><div class='container av-section-cont-open' ><div class='template-page content  av-content-full alpha units'><div class='post-entry post-entry-type-page post-entry-27'><div class='entry-content-wrapper clearfix'>\n<div  class='flex_column av-4ku3-333dc905046c563d827d906c48d50065 av_one_full  avia-builder-el-7  el_before_av_one_full  avia-builder-el-first  first flex_column_div'     ><section  class='av_textblock_section av-lit1d1kr-d3513cdfb384e64a0c54292877221a0a'   itemscope=\"itemscope\" itemtype=\"https:\/\/schema.org\/CreativeWork\" ><div class='avia_textblock app-download'  itemprop=\"text\" ><h4 class=\"downloads-title\" style=\"text-align: center;\">IPHONE, IPAD, APPLE WATCH<\/h4>\n<hr \/>\n<p><a href=\"https:\/\/apps.apple.com\/ca\/app\/the-exchange-network-atm-finder\/id391765780\" target=\"_blank\" rel=\"noopener\"><img loading=\"lazy\" decoding=\"async\" class=\"aligncenter wp-image-171 size-full\" src=\"https:\/\/www.theexchangenetwork.ca\/wp-content\/uploads\/2023\/06\/apple_badge.png\" alt=\"download on the App Store\" width=\"168\" height=\"47\" \/><\/a><\/p>\n<\/div><\/section><\/div><div  class='flex_column av-yezj-d4b229b9c088e5c7b77cb7f5355eb20f av_one_full  avia-builder-el-9  el_after_av_one_full  avia-builder-el-last  app-download first flex_column_div  column-top-margin'     ><section  class='av_textblock_section av-lit1e1ju-3c634c681192e13a1d2e3f4de00e855c'   itemscope=\"itemscope\" itemtype=\"https:\/\/schema.org\/CreativeWork\" ><div class='avia_textblock'  itemprop=\"text\" ><h4 class=\"downloads-title\" style=\"text-align: center;\">GOOGLE ANDROID<\/h4>\n<hr \/>\n<h2 style=\"text-align: center;\"><a href=\"https:\/\/play.google.com\/store\/apps\/details?id=com.exchange.ATMlocator\" target=\"_blank\" rel=\"noopener\"><img loading=\"lazy\" decoding=\"async\" class=\"alignnone wp-image-170 size-full\" src=\"https:\/\/www.theexchangenetwork.ca\/wp-content\/uploads\/2023\/06\/google_play_badge.png\" alt=\"get in on Google Play\" width=\"168\" height=\"47\" \/><\/a><\/h2>\n<\/div><\/section><\/div>","protected":false},"excerpt":{"rendered":"","protected":false},"author":1,"featured_media":0,"parent":0,"menu_order":0,"comment_status":"closed","ping_status":"closed","template":"","meta":{"footnotes":""},"class_list":["post-27","page","type-page","status-publish","hentry"],"yoast_head":"<!-- This site is optimized with the Yoast SEO plugin v27.5 - https:\/\/yoast.com\/product\/yoast-seo-wordpress\/ -->\n<title>Free ATM Locator App for iOS &amp; Android<\/title>\n<meta name=\"description\" content=\"On this page you can download our free ATM locator app, available for both iOS and Android users.\" \/>\n<meta name=\"robots\" content=\"index, follow, max-snippet:-1, max-image-preview:large, max-video-preview:-1\" \/>\n<link rel=\"canonical\" href=\"https:\/\/www.theexchangenetwork.ca\/fr\/downloads\/\" \/>\n<script type=\"application\/ld+json\" class=\"yoast-schema-graph\">{\"@context\":\"https:\\\/\\\/schema.org\",\"@graph\":[{\"@type\":\"WebPage\",\"@id\":\"https:\\\/\\\/www.theexchangenetwork.ca\\\/downloads\\\/\",\"url\":\"https:\\\/\\\/www.theexchangenetwork.ca\\\/downloads\\\/\",\"name\":\"Free ATM Locator App for iOS & Android\",\"isPartOf\":{\"@id\":\"https:\\\/\\\/www.theexchangenetwork.ca\\\/#website\"},\"primaryImageOfPage\":{\"@id\":\"https:\\\/\\\/www.theexchangenetwork.ca\\\/downloads\\\/#primaryimage\"},\"image\":{\"@id\":\"https:\\\/\\\/www.theexchangenetwork.ca\\\/downloads\\\/#primaryimage\"},\"thumbnailUrl\":\"https:\\\/\\\/www.theexchangenetwork.ca\\\/wp-content\\\/uploads\\\/2023\\\/06\\\/apple_badge.png\",\"datePublished\":\"2023-06-06T22:43:08+00:00\",\"dateModified\":\"2025-03-17T21:53:09+00:00\",\"description\":\"On this page you can download our free ATM locator app, available for both iOS and Android users.\",\"breadcrumb\":{\"@id\":\"https:\\\/\\\/www.theexchangenetwork.ca\\\/downloads\\\/#breadcrumb\"},\"inLanguage\":\"fr-CA\",\"potentialAction\":[{\"@type\":\"ReadAction\",\"target\":[\"https:\\\/\\\/www.theexchangenetwork.ca\\\/downloads\\\/\"]}]},{\"@type\":\"ImageObject\",\"inLanguage\":\"fr-CA\",\"@id\":\"https:\\\/\\\/www.theexchangenetwork.ca\\\/downloads\\\/#primaryimage\",\"url\":\"https:\\\/\\\/www.theexchangenetwork.ca\\\/wp-content\\\/uploads\\\/2023\\\/06\\\/apple_badge.png\",\"contentUrl\":\"https:\\\/\\\/www.theexchangenetwork.ca\\\/wp-content\\\/uploads\\\/2023\\\/06\\\/apple_badge.png\"},{\"@type\":\"BreadcrumbList\",\"@id\":\"https:\\\/\\\/www.theexchangenetwork.ca\\\/downloads\\\/#breadcrumb\",\"itemListElement\":[{\"@type\":\"ListItem\",\"position\":1,\"name\":\"Home\",\"item\":\"https:\\\/\\\/www.theexchangenetwork.ca\\\/home\\\/\"},{\"@type\":\"ListItem\",\"position\":2,\"name\":\"Downloads\"}]},{\"@type\":\"WebSite\",\"@id\":\"https:\\\/\\\/www.theexchangenetwork.ca\\\/#website\",\"url\":\"https:\\\/\\\/www.theexchangenetwork.ca\\\/\",\"name\":\"The Exchange Network\",\"description\":\"THE EXCHANGE Network is a group of banks and credit unions that have come together and agreed to let their cardholders use each others ATMs as if they were their own.\",\"potentialAction\":[{\"@type\":\"SearchAction\",\"target\":{\"@type\":\"EntryPoint\",\"urlTemplate\":\"https:\\\/\\\/www.theexchangenetwork.ca\\\/?s={search_term_string}\"},\"query-input\":{\"@type\":\"PropertyValueSpecification\",\"valueRequired\":true,\"valueName\":\"search_term_string\"}}],\"inLanguage\":\"fr-CA\"}]}<\/script>\n<!-- \/ Yoast SEO plugin. -->","yoast_head_json":{"title":"Free ATM Locator App for iOS & Android","description":"On this page you can download our free ATM locator app, available for both iOS and Android users.","robots":{"index":"index","follow":"follow","max-snippet":"max-snippet:-1","max-image-preview":"max-image-preview:large","max-video-preview":"max-video-preview:-1"},"canonical":"https:\/\/www.theexchangenetwork.ca\/fr\/downloads\/","schema":{"@context":"https:\/\/schema.org","@graph":[{"@type":"WebPage","@id":"https:\/\/www.theexchangenetwork.ca\/downloads\/","url":"https:\/\/www.theexchangenetwork.ca\/downloads\/","name":"Free ATM Locator App for iOS & Android","isPartOf":{"@id":"https:\/\/www.theexchangenetwork.ca\/#website"},"primaryImageOfPage":{"@id":"https:\/\/www.theexchangenetwork.ca\/downloads\/#primaryimage"},"image":{"@id":"https:\/\/www.theexchangenetwork.ca\/downloads\/#primaryimage"},"thumbnailUrl":"https:\/\/www.theexchangenetwork.ca\/wp-content\/uploads\/2023\/06\/apple_badge.png","datePublished":"2023-06-06T22:43:08+00:00","dateModified":"2025-03-17T21:53:09+00:00","description":"On this page you can download our free ATM locator app, available for both iOS and Android users.","breadcrumb":{"@id":"https:\/\/www.theexchangenetwork.ca\/downloads\/#breadcrumb"},"inLanguage":"fr-CA","potentialAction":[{"@type":"ReadAction","target":["https:\/\/www.theexchangenetwork.ca\/downloads\/"]}]},{"@type":"ImageObject","inLanguage":"fr-CA","@id":"https:\/\/www.theexchangenetwork.ca\/downloads\/#primaryimage","url":"https:\/\/www.theexchangenetwork.ca\/wp-content\/uploads\/2023\/06\/apple_badge.png","contentUrl":"https:\/\/www.theexchangenetwork.ca\/wp-content\/uploads\/2023\/06\/apple_badge.png"},{"@type":"BreadcrumbList","@id":"https:\/\/www.theexchangenetwork.ca\/downloads\/#breadcrumb","itemListElement":[{"@type":"ListItem","position":1,"name":"Home","item":"https:\/\/www.theexchangenetwork.ca\/home\/"},{"@type":"ListItem","position":2,"name":"Downloads"}]},{"@type":"WebSite","@id":"https:\/\/www.theexchangenetwork.ca\/#website","url":"https:\/\/www.theexchangenetwork.ca\/","name":"The Exchange Network","description":"THE EXCHANGE Network is a group of banks and credit unions that have come together and agreed to let their cardholders use each others ATMs as if they were their own.","potentialAction":[{"@type":"SearchAction","target":{"@type":"EntryPoint","urlTemplate":"https:\/\/www.theexchangenetwork.ca\/?s={search_term_string}"},"query-input":{"@type":"PropertyValueSpecification","valueRequired":true,"valueName":"search_term_string"}}],"inLanguage":"fr-CA"}]}},"_links":{"self":[{"href":"https:\/\/www.theexchangenetwork.ca\/fr\/wp-json\/wp\/v2\/pages\/27","targetHints":{"allow":["GET"]}}],"collection":[{"href":"https:\/\/www.theexchangenetwork.ca\/fr\/wp-json\/wp\/v2\/pages"}],"about":[{"href":"https:\/\/www.theexchangenetwork.ca\/fr\/wp-json\/wp\/v2\/types\/page"}],"author":[{"embeddable":true,"href":"https:\/\/www.theexchangenetwork.ca\/fr\/wp-json\/wp\/v2\/users\/1"}],"replies":[{"embeddable":true,"href":"https:\/\/www.theexchangenetwork.ca\/fr\/wp-json\/wp\/v2\/comments?post=27"}],"version-history":[{"count":22,"href":"https:\/\/www.theexchangenetwork.ca\/fr\/wp-json\/wp\/v2\/pages\/27\/revisions"}],"predecessor-version":[{"id":413,"href":"https:\/\/www.theexchangenetwork.ca\/fr\/wp-json\/wp\/v2\/pages\/27\/revisions\/413"}],"wp:attachment":[{"href":"https:\/\/www.theexchangenetwork.ca\/fr\/wp-json\/wp\/v2\/media?parent=27"}],"curies":[{"name":"wp","href":"https:\/\/api.w.org\/{rel}","templated":true}]}}