{"id":17,"date":"2023-06-06T15:40:06","date_gmt":"2023-06-06T22:40:06","guid":{"rendered":"https:\/\/www.theexchangenetwork.ca\/?page_id=17"},"modified":"2023-11-28T10:58:58","modified_gmt":"2023-11-28T17:58:58","slug":"about-the-exchange","status":"publish","type":"page","link":"https:\/\/www.theexchangenetwork.ca\/fr\/about-the-exchange\/","title":{"rendered":"UN MOT SUR THE EXCHANGE"},"content":{"rendered":"<style type=\"text\/css\" data-created_by=\"avia_inline_auto\" id=\"style-css-av-liovifm3-f94fa0ac9fce8abfacc410d493cecb38\">\n.avia-section.av-liovifm3-f94fa0ac9fce8abfacc410d493cecb38{\nbackground-repeat:no-repeat;\nbackground-image:url(https:\/\/www.theexchangenetwork.ca\/wp-content\/uploads\/2023\/06\/about_banner_background.jpg);\nbackground-position:0% 0%;\nbackground-attachment:scroll;\n}\n<\/style>\n<div id='av_section_1'  class='avia-section av-liovifm3-f94fa0ac9fce8abfacc410d493cecb38 main_color avia-section-default avia-no-border-styling  avia-builder-el-0  el_before_av_section  avia-builder-el-first  inner-banner avia-full-stretch avia-bg-style-scroll container_wrap fullsize'  data-section-bg-repeat='stretch'><div class='container av-section-cont-open' ><main   itemprop=\"mainContentOfPage\"  class='template-page content  av-content-full alpha units'><div class='post-entry post-entry-type-page post-entry-17'><div class='entry-content-wrapper clearfix'>\n<div  class='flex_column av-51j1l-ec590e43f7137daf23ab9b49466006fe av_one_full  avia-builder-el-1  avia-builder-el-no-sibling  first flex_column_div'     ><section  class='av_textblock_section av-liovp3by-01810ac781cd01fbbf45e8836cee734d'   itemscope=\"itemscope\" itemtype=\"https:\/\/schema.org\/CreativeWork\" ><div class='avia_textblock'  itemprop=\"text\" ><h1>UN MOT SUR THE EXCHANGE<\/h1>\n<\/div><\/section><\/div>\n\n<\/div><\/div><\/main><!-- close content main element --><\/div><\/div>\n<style type=\"text\/css\" data-created_by=\"avia_inline_auto\" id=\"style-css-av-3tond-cabf93d18bbdce98813b354f7002b629\">\n.avia-section.av-3tond-cabf93d18bbdce98813b354f7002b629{\nbackground-repeat:repeat;\nbackground-image:url(https:\/\/www.theexchangenetwork.ca\/wp-content\/uploads\/2023\/06\/Map_Background.jpg);\nbackground-position:0% 0%;\nbackground-attachment:scroll;\n}\n<\/style>\n<div id='av_section_2'  class='avia-section av-3tond-cabf93d18bbdce98813b354f7002b629 main_color avia-section-default avia-no-border-styling  avia-builder-el-3  el_after_av_section  el_before_av_section  col-2-section col-2-center-img pt who-we-are avia-bg-style-scroll container_wrap fullsize'  data-section-bg-repeat='repeat'><div class='container av-section-cont-open' ><div class='template-page content  av-content-full alpha units'><div class='post-entry post-entry-type-page post-entry-17'><div class='entry-content-wrapper clearfix'>\n<div class='flex_column_table av-3dq9l-da1f65e1b4d0ec23a34986000dad022b sc-av_one_full av-equal-height-column-flextable'><div  class='flex_column av-3dq9l-da1f65e1b4d0ec23a34986000dad022b av_one_full  avia-builder-el-4  el_before_av_one_full  avia-builder-el-first  first flex_column_table_cell av-equal-height-column av-align-middle'     ><section  class='av_textblock_section av-liovjs2a-325918218ce0c444b6b80fbd6900fff6'   itemscope=\"itemscope\" itemtype=\"https:\/\/schema.org\/CreativeWork\" ><div class='avia_textblock'  itemprop=\"text\" ><h2>UN MOT SUR THE EXCHANGE<\/h2>\n<p>Le r\u00e9seau EXCHANGE est un groupe de banques et de caisses populaires qui ont convenu ensemble de laisser leurs titulaires de cartes utiliser les GAB des autres comme s\u2019ils \u00e9taient les leurs. Cela permet aux titulaires de carte d\u2019acc\u00e9der \u00e0 des milliers de GAB partout au Canada sans frais suppl\u00e9mentaires.<\/p>\n<\/div><\/section><\/div><\/div><!--close column table wrapper. Autoclose: 1 --><div  class='flex_column av-znt-cfb670717a195447216c8312c0906ac9 av_one_full  avia-builder-el-6  el_after_av_one_full  avia-builder-el-last  first flex_column_div  column-top-margin'     ><style type=\"text\/css\" data-created_by=\"avia_inline_auto\" id=\"style-css-av-liovjei5-761b1bd38d442ed8231b3ce8ca15a44c\">\n.avia-image-container.av-liovjei5-761b1bd38d442ed8231b3ce8ca15a44c img.avia_image{\nbox-shadow:none;\n}\n.avia-image-container.av-liovjei5-761b1bd38d442ed8231b3ce8ca15a44c .av-image-caption-overlay-center{\ncolor:#ffffff;\n}\n<\/style>\n<div  class='avia-image-container av-liovjei5-761b1bd38d442ed8231b3ce8ca15a44c av-styling- avia-align-center  avia-builder-el-7  avia-builder-el-no-sibling'   itemprop=\"image\" itemscope=\"itemscope\" itemtype=\"https:\/\/schema.org\/ImageObject\" ><div class=\"avia-image-container-inner\"><div class=\"avia-image-overlay-wrap\"><img decoding=\"async\" fetchpriority=\"high\" class='wp-image-127 avia-img-lazy-loading-not-127 avia_image' src=\"https:\/\/www.theexchangenetwork.ca\/wp-content\/uploads\/2023\/06\/card_image.png\" alt='The Exchange cards' title='card_image'  height=\"353\" width=\"487\"  itemprop=\"thumbnailUrl\" srcset=\"https:\/\/www.theexchangenetwork.ca\/wp-content\/uploads\/2023\/06\/card_image.png 487w, https:\/\/www.theexchangenetwork.ca\/wp-content\/uploads\/2023\/06\/card_image-300x217.png 300w\" sizes=\"(max-width: 487px) 100vw, 487px\" \/><\/div><\/div><\/div><\/div>\n\n<\/div><\/div><\/div><!-- close content main div --><\/div><\/div>\n<style type=\"text\/css\" data-created_by=\"avia_inline_auto\" id=\"style-css-av-1yiwh-735c13bf54775299cb65ce05e5d1aa33\">\n.avia-section.av-1yiwh-735c13bf54775299cb65ce05e5d1aa33{\nbackground-repeat:repeat;\nbackground-image:url(https:\/\/www.theexchangenetwork.ca\/wp-content\/uploads\/2023\/06\/Map_Background.jpg);\nbackground-position:0% 0%;\nbackground-attachment:scroll;\n}\n<\/style>\n<div id='av_section_3'  class='avia-section av-1yiwh-735c13bf54775299cb65ce05e5d1aa33 main_color avia-section-default avia-no-border-styling  avia-builder-el-8  el_after_av_section  el_before_av_section  col-2-section mobile-column-reverse col-2-center-img surcharge-section avia-bg-style-scroll container_wrap fullsize'  data-section-bg-repeat='repeat'><div class='container av-section-cont-open' ><div class='template-page content  av-content-full alpha units'><div class='post-entry post-entry-type-page post-entry-17'><div class='entry-content-wrapper clearfix'>\n<div  class='flex_column av-13zzd-458c238e568d9ff040f0a8b054be1bbc av_one_full  avia-builder-el-9  el_before_av_one_full  avia-builder-el-first  mobile-d-none first flex_column_div av-hide-on-mobile'     ><style type=\"text\/css\" data-created_by=\"avia_inline_auto\" id=\"style-css-av-liovkmqf-95f103c3f270aaa8e6ca60562439b014\">\n.avia-image-container.av-liovkmqf-95f103c3f270aaa8e6ca60562439b014 img.avia_image{\nbox-shadow:none;\n}\n.avia-image-container.av-liovkmqf-95f103c3f270aaa8e6ca60562439b014 .av-image-caption-overlay-center{\ncolor:#ffffff;\n}\n<\/style>\n<div  class='avia-image-container av-liovkmqf-95f103c3f270aaa8e6ca60562439b014 av-styling- avia-align-center  avia-builder-el-10  avia-builder-el-no-sibling'   itemprop=\"image\" itemscope=\"itemscope\" itemtype=\"https:\/\/schema.org\/ImageObject\" ><div class=\"avia-image-container-inner\"><div class=\"avia-image-overlay-wrap\"><img decoding=\"async\" fetchpriority=\"high\" class='wp-image-128 avia-img-lazy-loading-not-128 avia_image' src=\"https:\/\/www.theexchangenetwork.ca\/wp-content\/uploads\/2023\/06\/customer_with_card_background_1.png\" alt='man holding payment card' title='customer_with_card_background_1'  height=\"371\" width=\"550\"  itemprop=\"thumbnailUrl\" srcset=\"https:\/\/www.theexchangenetwork.ca\/wp-content\/uploads\/2023\/06\/customer_with_card_background_1.png 550w, https:\/\/www.theexchangenetwork.ca\/wp-content\/uploads\/2023\/06\/customer_with_card_background_1-300x202.png 300w\" sizes=\"(max-width: 550px) 100vw, 550px\" \/><\/div><\/div><\/div><\/div><div class='flex_column_table av-1bvp9-8787a1cf82461e9267bde0085d913845 sc-av_one_full av-equal-height-column-flextable'><div  class='flex_column av-1bvp9-8787a1cf82461e9267bde0085d913845 av_one_full  avia-builder-el-11  el_after_av_one_full  avia-builder-el-last  first flex_column_table_cell av-equal-height-column av-align-middle  column-top-margin'     ><section  class='av_textblock_section av-liovl1gh-c90deab6eb276a717c9b43e3a75348b3'   itemscope=\"itemscope\" itemtype=\"https:\/\/schema.org\/CreativeWork\" ><div class='avia_textblock'  itemprop=\"text\" ><h3>FINI LES SUPPL\u00c9MENTS<\/h3>\n<p>Tous les GAB d\u2019EXCHANGE vous permettent d\u2019effectuer des retraits, le changement de NIP, des transferts ou des demandes de solde. En outre, des milliers de GAP vous permettent d\u2019effectuer un d\u00e9p\u00f4t instantan\u00e9ment dans votre compte bancaire. Cessez d\u2019utiliser les GAB qui vous facturent quelques dollars chaque fois que vous avez besoin d\u2019argent en esp\u00e8ces et trouvez plut\u00f4t un GAB EXCHANGE!<\/p>\n<\/div><\/section><br \/>\n<div  class='avia-button-wrap av-liovle99-bda566eca634d05d8f2f3b5d7e821d89-wrap avia-button-left  avia-builder-el-13  el_after_av_textblock  avia-builder-el-last'><a href='https:\/\/www.theexchangenetwork.ca\/fr\/find-an-atm\/'  class='avia-button av-liovle99-bda566eca634d05d8f2f3b5d7e821d89 av-link-btn avia-icon_select-no avia-size-small avia-position-left avia-color-theme-color'   aria-label=\"TROUVER UN GAB\"><span class='avia_iconbox_title' >TROUVER UN GAB<\/span><\/a><\/div><\/p><\/div><\/div><!--close column table wrapper. Autoclose: 1 -->\n\n<\/div><\/div><\/div><!-- close content main div --><\/div><\/div>\n<style type=\"text\/css\" data-created_by=\"avia_inline_auto\" id=\"style-css-av-5mju1-7746e43b819feb8c0eb2e92eaf37e56d\">\n.avia-section.av-5mju1-7746e43b819feb8c0eb2e92eaf37e56d{\nbackground-repeat:no-repeat;\nbackground-image:url(https:\/\/www.theexchangenetwork.ca\/wp-content\/uploads\/2023\/06\/Map_Background.jpg);\nbackground-position:0% 0%;\nbackground-attachment:scroll;\n}\n<\/style>\n<div id='av_section_4'  class='avia-section av-5mju1-7746e43b819feb8c0eb2e92eaf37e56d main_color avia-section-default avia-no-border-styling  avia-builder-el-14  el_after_av_section  el_before_av_section  col-1-section green-col avia-full-stretch avia-bg-style-scroll container_wrap fullsize'  data-section-bg-repeat='stretch'><div class='container av-section-cont-open' ><div class='template-page content  av-content-full alpha units'><div class='post-entry post-entry-type-page post-entry-17'><div class='entry-content-wrapper clearfix'>\n<div  class='flex_column av-4vb4h-7677afbeb6f95374a8334b2b174e6108 av_one_full  avia-builder-el-15  avia-builder-el-no-sibling  first flex_column_div avia-full-stretch'     ><section  class='av_textblock_section av-lioxitso-99a237b3154ff53fe3cf3d5d16f4afbe'   itemscope=\"itemscope\" itemtype=\"https:\/\/schema.org\/CreativeWork\" ><div class='avia_textblock'  itemprop=\"text\" ><h3>DES GAB D\u2019UN BOUT \u00c0 L\u2019AUTRE DU PAYS!<\/h3>\n<p>Le r\u00e9seau THE EXCHANGE est pratique et vous permet d\u2019acc\u00e9der sans frais suppl\u00e9mentaires \u00e0 vos comptes, peu importe o\u00f9 vous voyagez au Canada. M\u00eame si vous ne faites pas affaire avec de grandes banques, cela ne signifie pas que vous devez sacrifier l\u2019aspect pratique. Ensemble, nous avons un r\u00e9seau de GAB qui rivalise avec les grandes banques et nous sommes en pleine croissance.<\/p>\n<\/div><\/section><br \/>\n<div  class='avia-button-wrap av-lioxjdrv-da3f7887e0308be0b6838b3fa032fef9-wrap avia-button-left  avia-builder-el-17  el_after_av_textblock  avia-builder-el-last'><a href='https:\/\/www.theexchangenetwork.ca\/fr\/participating-financial-institutions\/'  class='avia-button av-lioxjdrv-da3f7887e0308be0b6838b3fa032fef9 av-link-btn avia-icon_select-no avia-size-small avia-position-left avia-color-theme-color'   aria-label=\"INSTITUTIONS FINANCI\u00c8RES PARTICIPANTES\"><span class='avia_iconbox_title' >INSTITUTIONS FINANCI\u00c8RES PARTICIPANTES<\/span><\/a><\/div><\/p><\/div>\n\n<\/div><\/div><\/div><!-- close content main div --><\/div><\/div>\n<style type=\"text\/css\" data-created_by=\"avia_inline_auto\" id=\"style-css-av-4lw05-550010fe1d87536b97f892e3b3f5a7d5\">\n.avia-section.av-4lw05-550010fe1d87536b97f892e3b3f5a7d5{\nbackground-repeat:no-repeat;\nbackground-image:url(https:\/\/www.theexchangenetwork.ca\/wp-content\/uploads\/2023\/06\/Map_Background.jpg);\nbackground-position:0% 0%;\nbackground-attachment:scroll;\n}\n<\/style>\n<div id='av_section_5'  class='avia-section av-4lw05-550010fe1d87536b97f892e3b3f5a7d5 main_color avia-section-default avia-no-border-styling  avia-builder-el-18  el_after_av_section  el_before_av_section  col-1-section green-col avia-full-stretch avia-bg-style-scroll container_wrap fullsize'  data-section-bg-repeat='stretch'><div class='container av-section-cont-open' ><div class='template-page content  av-content-full alpha units'><div class='post-entry post-entry-type-page post-entry-17'><div class='entry-content-wrapper clearfix'>\n\n<style type=\"text\/css\" data-created_by=\"avia_inline_auto\" id=\"style-css-av-3rqnx-decadd9a6ad831e4c10141fd6f54a2a2\">\n.flex_column.av-3rqnx-decadd9a6ad831e4c10141fd6f54a2a2{\nbackground:url(https:\/\/www.theexchangenetwork.ca\/wp-content\/uploads\/2023\/06\/ficanex_banner_background.jpg) 0% 0% no-repeat scroll ;\n}\n<\/style>\n<div  class='flex_column av-3rqnx-decadd9a6ad831e4c10141fd6f54a2a2 av_one_full  avia-builder-el-19  avia-builder-el-no-sibling  exchange-col first flex_column_div avia-full-stretch'     ><section  class='av_textblock_section av-3ird1-932ee6a93cbe73e6cbd1a1c8a69d82b7'   itemscope=\"itemscope\" itemtype=\"https:\/\/schema.org\/CreativeWork\" ><div class='avia_textblock'  itemprop=\"text\" ><h3>LE R\u00c9SEAU THE EXCHANGE EST G\u00c9R\u00c9 PAR LES SERVICES FICANEX.<\/h3>\n<\/div><\/section><br \/>\n<div  class='avia-button-wrap av-lioy5d1j-b79d88ec9a23de0c892c9cb301739c36-wrap avia-button-left  avia-builder-el-21  el_after_av_textblock  avia-builder-el-last  white-btn'><a href='https:\/\/ficanex.ca\/'  class='avia-button av-lioy5d1j-b79d88ec9a23de0c892c9cb301739c36 av-link-btn avia-icon_select-no avia-size-small avia-position-left avia-color-theme-color'   aria-label=\"FICANEX.CA\"><span class='avia_iconbox_title' >FICANEX.CA<\/span><\/a><\/div><\/p><\/div><\/div><\/div><\/div><!-- close content main div --><\/div><\/div>\n<style type=\"text\/css\" data-created_by=\"avia_inline_auto\" id=\"style-css-av-2t7u9-d32041d2effdbf775f76d10d7fd4dd28\">\n.avia-section.av-2t7u9-d32041d2effdbf775f76d10d7fd4dd28{\nbackground-repeat:no-repeat;\nbackground-image:url(https:\/\/www.theexchangenetwork.ca\/wp-content\/uploads\/2023\/06\/Map_Background.jpg);\nbackground-position:0% 0%;\nbackground-attachment:scroll;\n}\n<\/style>\n<div id='av_section_6'  class='avia-section av-2t7u9-d32041d2effdbf775f76d10d7fd4dd28 main_color avia-section-default avia-no-border-styling  avia-builder-el-22  el_after_av_section  avia-builder-el-last  col-2-section mobile-column-reverse col-2-center-img green-col col-2-vid avia-bg-style-scroll container_wrap fullsize'  data-section-bg-repeat='no-repeat'><div class='container av-section-cont-open' ><div class='template-page content  av-content-full alpha units'><div class='post-entry post-entry-type-page post-entry-17'><div class='entry-content-wrapper clearfix'>\n<div class='flex_column_table av-7yct-3f23500ad2905add0bafde3323b137ef sc-av_one_full av-equal-height-column-flextable'><div  class='flex_column av-7yct-3f23500ad2905add0bafde3323b137ef av_one_full  avia-builder-el-23  el_before_av_one_full  avia-builder-el-first  first flex_column_table_cell av-equal-height-column av-align-middle'     ><section  class='av_textblock_section av-1c1n5-83c78dced3dbcb516f0a6a655628fff7'   itemscope=\"itemscope\" itemtype=\"https:\/\/schema.org\/CreativeWork\" ><div class='avia_textblock'  itemprop=\"text\" ><h3>FAIRE CONNAITRE!<\/h3>\n<p>Une image vaut mille mots et une vid\u00e9o en dit beaucoup<br \/>\nplus, et c'est exactement pourquoi nous avons produit notre tout premier<br \/>\n\u00c9CHANGE Vid\u00e9o du r\u00e9seau.<br \/>\nRendez-vous sur notre cha\u00eene Youtube pour voir notre contenu!<\/p>\n<\/div><\/section><br \/>\n<div  class='avia-button-wrap av-lioxlor4-671962b7ae00c2a6754a7ef451c98055-wrap avia-button-left  avia-builder-el-25  el_after_av_textblock  avia-builder-el-last'><a href='https:\/\/www.youtube.com\/channel\/UCeR66XFUGKIYrdrUDuW6Aqw'  class='avia-button av-lioxlor4-671962b7ae00c2a6754a7ef451c98055 av-link-btn avia-icon_select-no avia-size-small avia-position-left avia-color-theme-color'  target=\"_blank\"  rel=\"noopener noreferrer\"  aria-label=\"LA CHA\u00ceNE YOUTUBE DU R\u00c9SEAU EXCHANGE\"><span class='avia_iconbox_title' >LA CHA\u00ceNE YOUTUBE DU R\u00c9SEAU EXCHANGE<\/span><\/a><\/div><\/p><\/div><\/div><!--close column table wrapper. Autoclose: 1 --><div  class='flex_column av-155ht-a389a3d94ddff3b9c4b044fbdcf9f0b5 av_one_full  avia-builder-el-26  el_after_av_one_full  avia-builder-el-last  youtube first flex_column_div  column-top-margin'     ><div  class='avia-video av-lioxl7xk-9b2f6f79631658bdf534356a15ee085a avia-video-16-9 av-no-preview-image avia-video-load-always av-lazyload-immediate av-lazyload-video-embed'  itemprop=\"video\" itemtype=\"https:\/\/schema.org\/VideoObject\"  data-original_url='https:\/\/www.youtube.com\/watch?v=3epefXUYNLw&amp;t=1s'><script type='text\/html' class='av-video-tmpl'><div class='avia-iframe-wrap'><iframe loading=\"lazy\" title=\"The value of THE EXCHANGE Network!\" width=\"1500\" height=\"844\" src=\"https:\/\/www.youtube.com\/embed\/3epefXUYNLw?start=1&feature=oembed&autoplay=0&loop=0&controls=1&mute=0\" frameborder=\"0\" allow=\"accelerometer; autoplay; clipboard-write; encrypted-media; gyroscope; picture-in-picture; web-share\" referrerpolicy=\"strict-origin-when-cross-origin\" allowfullscreen><\/iframe><\/div><\/script><div class='av-click-to-play-overlay'><div class=\"avia_playpause_icon\"><\/div><\/div><\/div><\/div>\n<\/p>","protected":false},"excerpt":{"rendered":"","protected":false},"author":1,"featured_media":0,"parent":0,"menu_order":0,"comment_status":"closed","ping_status":"closed","template":"","meta":{"footnotes":""},"class_list":["post-17","page","type-page","status-publish","hentry"],"yoast_head":"<!-- This site is optimized with the Yoast SEO plugin v27.2 - https:\/\/yoast.com\/product\/yoast-seo-wordpress\/ -->\n<title>About the Exchange Network of Surcharge-Free ATMs<\/title>\n<meta name=\"description\" content=\"THE EXCHANGE Network is a group of banks and credit unions that have agreed to let cardholders use each others ATMs surcharge-free.\" \/>\n<meta name=\"robots\" content=\"index, follow, max-snippet:-1, max-image-preview:large, max-video-preview:-1\" \/>\n<link rel=\"canonical\" href=\"https:\/\/www.theexchangenetwork.ca\/fr\/about-the-exchange\/\" \/>\n<script type=\"application\/ld+json\" class=\"yoast-schema-graph\">{\"@context\":\"https:\/\/schema.org\",\"@graph\":[{\"@type\":\"WebPage\",\"@id\":\"https:\/\/www.theexchangenetwork.ca\/about-the-exchange\/\",\"url\":\"https:\/\/www.theexchangenetwork.ca\/about-the-exchange\/\",\"name\":\"About the Exchange Network of Surcharge-Free ATMs\",\"isPartOf\":{\"@id\":\"https:\/\/www.theexchangenetwork.ca\/#website\"},\"datePublished\":\"2023-06-06T22:40:06+00:00\",\"dateModified\":\"2023-11-28T17:58:58+00:00\",\"description\":\"THE EXCHANGE Network is a group of banks and credit unions that have agreed to let cardholders use each others ATMs surcharge-free.\",\"breadcrumb\":{\"@id\":\"https:\/\/www.theexchangenetwork.ca\/about-the-exchange\/#breadcrumb\"},\"inLanguage\":\"fr-CA\",\"potentialAction\":[{\"@type\":\"ReadAction\",\"target\":[\"https:\/\/www.theexchangenetwork.ca\/about-the-exchange\/\"]}]},{\"@type\":\"BreadcrumbList\",\"@id\":\"https:\/\/www.theexchangenetwork.ca\/about-the-exchange\/#breadcrumb\",\"itemListElement\":[{\"@type\":\"ListItem\",\"position\":1,\"name\":\"Home\",\"item\":\"https:\/\/www.theexchangenetwork.ca\/home\/\"},{\"@type\":\"ListItem\",\"position\":2,\"name\":\"About the Exchange\"}]},{\"@type\":\"WebSite\",\"@id\":\"https:\/\/www.theexchangenetwork.ca\/#website\",\"url\":\"https:\/\/www.theexchangenetwork.ca\/\",\"name\":\"The Exchange Network\",\"description\":\"THE EXCHANGE Network is a group of banks and credit unions that have come together and agreed to let their cardholders use each others ATMs as if they were their own.\",\"potentialAction\":[{\"@type\":\"SearchAction\",\"target\":{\"@type\":\"EntryPoint\",\"urlTemplate\":\"https:\/\/www.theexchangenetwork.ca\/?s={search_term_string}\"},\"query-input\":{\"@type\":\"PropertyValueSpecification\",\"valueRequired\":true,\"valueName\":\"search_term_string\"}}],\"inLanguage\":\"fr-CA\"}]}<\/script>\n<!-- \/ Yoast SEO plugin. -->","yoast_head_json":{"title":"About the Exchange Network of Surcharge-Free ATMs","description":"THE EXCHANGE Network is a group of banks and credit unions that have agreed to let cardholders use each others ATMs surcharge-free.","robots":{"index":"index","follow":"follow","max-snippet":"max-snippet:-1","max-image-preview":"max-image-preview:large","max-video-preview":"max-video-preview:-1"},"canonical":"https:\/\/www.theexchangenetwork.ca\/fr\/about-the-exchange\/","schema":{"@context":"https:\/\/schema.org","@graph":[{"@type":"WebPage","@id":"https:\/\/www.theexchangenetwork.ca\/about-the-exchange\/","url":"https:\/\/www.theexchangenetwork.ca\/about-the-exchange\/","name":"About the Exchange Network of Surcharge-Free ATMs","isPartOf":{"@id":"https:\/\/www.theexchangenetwork.ca\/#website"},"datePublished":"2023-06-06T22:40:06+00:00","dateModified":"2023-11-28T17:58:58+00:00","description":"THE EXCHANGE Network is a group of banks and credit unions that have agreed to let cardholders use each others ATMs surcharge-free.","breadcrumb":{"@id":"https:\/\/www.theexchangenetwork.ca\/about-the-exchange\/#breadcrumb"},"inLanguage":"fr-CA","potentialAction":[{"@type":"ReadAction","target":["https:\/\/www.theexchangenetwork.ca\/about-the-exchange\/"]}]},{"@type":"BreadcrumbList","@id":"https:\/\/www.theexchangenetwork.ca\/about-the-exchange\/#breadcrumb","itemListElement":[{"@type":"ListItem","position":1,"name":"Home","item":"https:\/\/www.theexchangenetwork.ca\/home\/"},{"@type":"ListItem","position":2,"name":"About the Exchange"}]},{"@type":"WebSite","@id":"https:\/\/www.theexchangenetwork.ca\/#website","url":"https:\/\/www.theexchangenetwork.ca\/","name":"The Exchange Network","description":"THE EXCHANGE Network is a group of banks and credit unions that have come together and agreed to let their cardholders use each others ATMs as if they were their own.","potentialAction":[{"@type":"SearchAction","target":{"@type":"EntryPoint","urlTemplate":"https:\/\/www.theexchangenetwork.ca\/?s={search_term_string}"},"query-input":{"@type":"PropertyValueSpecification","valueRequired":true,"valueName":"search_term_string"}}],"inLanguage":"fr-CA"}]}},"_links":{"self":[{"href":"https:\/\/www.theexchangenetwork.ca\/fr\/wp-json\/wp\/v2\/pages\/17","targetHints":{"allow":["GET"]}}],"collection":[{"href":"https:\/\/www.theexchangenetwork.ca\/fr\/wp-json\/wp\/v2\/pages"}],"about":[{"href":"https:\/\/www.theexchangenetwork.ca\/fr\/wp-json\/wp\/v2\/types\/page"}],"author":[{"embeddable":true,"href":"https:\/\/www.theexchangenetwork.ca\/fr\/wp-json\/wp\/v2\/users\/1"}],"replies":[{"embeddable":true,"href":"https:\/\/www.theexchangenetwork.ca\/fr\/wp-json\/wp\/v2\/comments?post=17"}],"version-history":[{"count":26,"href":"https:\/\/www.theexchangenetwork.ca\/fr\/wp-json\/wp\/v2\/pages\/17\/revisions"}],"predecessor-version":[{"id":409,"href":"https:\/\/www.theexchangenetwork.ca\/fr\/wp-json\/wp\/v2\/pages\/17\/revisions\/409"}],"wp:attachment":[{"href":"https:\/\/www.theexchangenetwork.ca\/fr\/wp-json\/wp\/v2\/media?parent=17"}],"curies":[{"name":"wp","href":"https:\/\/api.w.org\/{rel}","templated":true}]}}