{"id":13,"date":"2023-06-06T15:35:04","date_gmt":"2023-06-06T22:35:04","guid":{"rendered":"https:\/\/www.theexchangenetwork.ca\/?page_id=13"},"modified":"2025-03-13T09:11:22","modified_gmt":"2025-03-13T16:11:22","slug":"home","status":"publish","type":"page","link":"https:\/\/www.theexchangenetwork.ca\/fr\/","title":{"rendered":"Home"},"content":{"rendered":"<style type=\"text\/css\" data-created_by=\"avia_inline_auto\" id=\"style-css-av-24fph-5d64a9e503a716fd4cc1c547d47036a2\">\n.avia-section.av-24fph-5d64a9e503a716fd4cc1c547d47036a2{\nbackground-repeat:no-repeat;\nbackground-image:url(https:\/\/www.theexchangenetwork.ca\/wp-content\/uploads\/2023\/06\/hero-home-image.jpg);\nbackground-position:0% 0%;\nbackground-attachment:scroll;\n}\n<\/style>\n<div id='av_section_1'  class='avia-section av-24fph-5d64a9e503a716fd4cc1c547d47036a2 main_color avia-section-default avia-no-border-styling  avia-builder-el-0  el_before_av_section  avia-builder-el-first  home-hero avia-full-stretch avia-bg-style-scroll container_wrap fullsize'  data-section-bg-repeat='stretch'><div class='container av-section-cont-open' ><main   itemprop=\"mainContentOfPage\"  class='template-page content  av-content-full alpha units'><div class='post-entry post-entry-type-page post-entry-13'><div class='entry-content-wrapper clearfix'>\n<div  class='flex_column av-1fcup-80790960f4e39ecb773b444683391094 av_one_full  avia-builder-el-1  avia-builder-el-no-sibling  first flex_column_div'     ><section  class='av_textblock_section av-t8eh-15d91cce0dab0992672fe0382d402225'   itemscope=\"itemscope\" itemtype=\"https:\/\/schema.org\/CreativeWork\" ><div class='avia_textblock'  itemprop=\"text\" ><h1>CESSEZ DE PAYER DES FRAIS SUPPL\u00c9MENTAIRES<\/h1>\n<h4>LE R\u00c9SEAU THE EXCHANGE<sup>MD<\/sup> ENGLOBE DES<br \/>\nMILLIERS DE GAB PARTOUT AU CANADA<\/h4>\n<\/div><\/section><\/div>\n\n<\/div><\/div><\/main><!-- close content main element --><\/div><\/div>\n<style type=\"text\/css\" data-created_by=\"avia_inline_auto\" id=\"style-css-av-lim2li58-1040fb7c45a2abced156a78e5c60f0eb\">\n.avia-section.av-lim2li58-1040fb7c45a2abced156a78e5c60f0eb{\nbackground-repeat:repeat;\nbackground-image:url(https:\/\/www.theexchangenetwork.ca\/wp-content\/uploads\/2023\/06\/Map_Background.jpg);\nbackground-position:0% 0%;\nbackground-attachment:scroll;\n}\n<\/style>\n<div id='av_section_2'  class='avia-section av-lim2li58-1040fb7c45a2abced156a78e5c60f0eb main_color avia-section-default avia-no-border-styling  avia-builder-el-3  el_after_av_section  el_before_av_section  testimonial-slider avia-bg-style-scroll container_wrap fullsize'  data-section-bg-repeat='repeat'><div class='container av-section-cont-open' ><div class='template-page content  av-content-full alpha units'><div class='post-entry post-entry-type-page post-entry-13'><div class='entry-content-wrapper clearfix'>\n<div  class='flex_column av-1jc7t-a360c60927b5141a50ecc202ea30f832 av_one_full  avia-builder-el-4  avia-builder-el-no-sibling  first flex_column_div'     ><div  class='avia-button-wrap av-liuidri8-17903675f8d592bef2a9d61bbbe09386-wrap avia-button-center  avia-builder-el-5  avia-builder-el-no-sibling  center-circle-cta'><a href='https:\/\/www.theexchangenetwork.ca\/fr\/find-an-atm\/'  class='avia-button av-liuidri8-17903675f8d592bef2a9d61bbbe09386 av-link-btn avia-icon_select-no avia-size-small avia-position-center avia-color-theme-color'   aria-label=\"TROUVER UN GAB\"><span class='avia_iconbox_title' >TROUVER UN GAB<\/span><\/a><\/div><\/div><\/div><\/div><\/div><!-- close content main div --><\/div><\/div>\n<style type=\"text\/css\" data-created_by=\"avia_inline_auto\" id=\"style-css-av-lin9ux0d-c9c462e754fdba57273980a25ac5f977\">\n.avia-section.av-lin9ux0d-c9c462e754fdba57273980a25ac5f977{\nbackground-repeat:repeat;\nbackground-image:url(https:\/\/www.theexchangenetwork.ca\/wp-content\/uploads\/2023\/06\/Map_Background.jpg);\nbackground-position:0% 0%;\nbackground-attachment:scroll;\n}\n<\/style>\n<div id='av_section_3'  class='avia-section av-lin9ux0d-c9c462e754fdba57273980a25ac5f977 main_color avia-section-default avia-no-border-styling  avia-builder-el-6  el_after_av_section  el_before_av_section  invalid-custom-class-found green-heading avia-bg-style-scroll container_wrap fullsize'  data-section-bg-repeat='repeat'><div class='container av-section-cont-open' ><div class='template-page content  av-content-full alpha units'><div class='post-entry post-entry-type-page post-entry-13'><div class='entry-content-wrapper clearfix'>\n<div  class='flex_column av-qwlt-19de8e91f6f14409e1fd9bb8fb6110cd av_one_full  avia-builder-el-7  avia-builder-el-no-sibling  first flex_column_div'     ><section  class='av_textblock_section av-limcp1u8-8f114f7dda31786c82384cbf7ad538fd'   itemscope=\"itemscope\" itemtype=\"https:\/\/schema.org\/CreativeWork\" ><div class='avia_textblock'  itemprop=\"text\" ><h2 style=\"text-align: center;\">AVEZ-VOUS ACC\u00c8S AU R\u00c9SEAU THE EXCHANGE?<\/h2>\n<\/div><\/section><\/div>\n<\/p>\n<\/div><\/div><\/div><!-- close content main div --><\/div><\/div>\n<style type=\"text\/css\" data-created_by=\"avia_inline_auto\" id=\"style-css-av-27tgt-799b79b5f002d4d894b753a96f94ee5e\">\n.avia-section.av-27tgt-799b79b5f002d4d894b753a96f94ee5e{\nbackground-repeat:no-repeat;\nbackground-image:url(https:\/\/www.theexchangenetwork.ca\/wp-content\/uploads\/2023\/06\/Map_Background.jpg);\nbackground-position:0% 0%;\nbackground-attachment:scroll;\n}\n<\/style>\n<div id='av_section_4'  class='avia-section av-27tgt-799b79b5f002d4d894b753a96f94ee5e main_color avia-section-default avia-no-border-styling  avia-builder-el-9  el_after_av_section  el_before_av_section  col-2-section mobile-column-reverse col-2-center-img avia-bg-style-scroll container_wrap fullsize'  data-section-bg-repeat='no-repeat'><div class='container av-section-cont-open' ><div class='template-page content  av-content-full alpha units'><div class='post-entry post-entry-type-page post-entry-13'><div class='entry-content-wrapper clearfix'>\n<div class='flex_column_table av-2aynt-bbe54a4de89d00959d001e7a1a566d44 sc-av_one_full av-equal-height-column-flextable'><div  class='flex_column av-2aynt-bbe54a4de89d00959d001e7a1a566d44 av_one_full  avia-builder-el-10  el_before_av_one_full  avia-builder-el-first  first flex_column_table_cell av-equal-height-column av-align-middle'     ><p><section  class='av_textblock_section av-1o1l1-57ea0ac38f178a63fd26849c7660e499'   itemscope=\"itemscope\" itemtype=\"https:\/\/schema.org\/CreativeWork\" ><div class='avia_textblock'  itemprop=\"text\" ><p>Vous voulez savoir si vous faites partie du r\u00e9seau THE EXCHANGE? Il vous suffit de consulter le verso de votre carte de cr\u00e9dit pour voir le logo THE EXCHANGE ou pour v\u00e9rifier si votre banque ou caisse populaire est membre du r\u00e9seau.<\/p>\n<\/div><\/section><br \/>\n<div  class='avia-button-wrap av-13m0h-d41c126e4e263edba67f7d550f3f8300-wrap avia-button-left  avia-builder-el-12  el_after_av_textblock  avia-builder-el-last'><a href='https:\/\/www.theexchangenetwork.ca\/fr\/participating-financial-institutions\/'  class='avia-button av-13m0h-d41c126e4e263edba67f7d550f3f8300 av-link-btn avia-icon_select-no avia-size-small avia-position-left avia-color-theme-color'   aria-label=\"INSTITUTIONS FINANCI\u00c8RES PARTICIPANTES\"><span class='avia_iconbox_title' >INSTITUTIONS FINANCI\u00c8RES PARTICIPANTES<\/span><\/a><\/div><\/p><\/div><\/div><!--close column table wrapper. Autoclose: 1 --><div  class='flex_column av-wf51-80f2fb6984b94eb9478cb188cbedc229 av_one_full  avia-builder-el-13  el_after_av_one_full  avia-builder-el-last  first flex_column_div  column-top-margin'     ><style type=\"text\/css\" data-created_by=\"avia_inline_auto\" id=\"style-css-av-limchusk-fb2e43aacb9013bffd327f17be4119f5\">\n.avia-image-container.av-limchusk-fb2e43aacb9013bffd327f17be4119f5 img.avia_image{\nbox-shadow:none;\n}\n.avia-image-container.av-limchusk-fb2e43aacb9013bffd327f17be4119f5 .av-image-caption-overlay-center{\ncolor:#ffffff;\n}\n<\/style>\n<div  class='avia-image-container av-limchusk-fb2e43aacb9013bffd327f17be4119f5 av-styling- avia-align-center  avia-builder-el-14  avia-builder-el-no-sibling'   itemprop=\"image\" itemscope=\"itemscope\" itemtype=\"https:\/\/schema.org\/ImageObject\" ><div class=\"avia-image-container-inner\"><div class=\"avia-image-overlay-wrap\"><img decoding=\"async\" fetchpriority=\"high\" class='wp-image-106 avia-img-lazy-loading-not-106 avia_image' src=\"https:\/\/www.theexchangenetwork.ca\/wp-content\/uploads\/2023\/06\/logo_on_card_FR.png\" alt='The Exchange logo circled' title='logo_on_card_FR'  height=\"329\" width=\"528\"  itemprop=\"thumbnailUrl\" srcset=\"https:\/\/www.theexchangenetwork.ca\/wp-content\/uploads\/2023\/06\/logo_on_card_FR.png 528w, https:\/\/www.theexchangenetwork.ca\/wp-content\/uploads\/2023\/06\/logo_on_card_FR-300x187.png 300w, https:\/\/www.theexchangenetwork.ca\/wp-content\/uploads\/2023\/06\/logo_on_card_FR-18x12.png 18w\" sizes=\"(max-width: 528px) 100vw, 528px\" \/><\/div><\/div><\/div><\/div>\n\n<\/div><\/div><\/div><!-- close content main div --><\/div><\/div>\n<style type=\"text\/css\" data-created_by=\"avia_inline_auto\" id=\"style-css-av-12qj5-66f693d5980663a261366719b3c27dd4\">\n.avia-section.av-12qj5-66f693d5980663a261366719b3c27dd4{\nbackground-repeat:no-repeat;\nbackground-image:url(https:\/\/www.theexchangenetwork.ca\/wp-content\/uploads\/2023\/06\/Map_Background.jpg);\nbackground-position:0% 0%;\nbackground-attachment:scroll;\n}\n<\/style>\n<div id='av_section_5'  class='avia-section av-12qj5-66f693d5980663a261366719b3c27dd4 main_color avia-section-default avia-no-border-styling  avia-builder-el-15  el_after_av_section  el_before_av_section  col-2-section  col-2-center-img col-2-container-mw-100 avia-bg-style-scroll container_wrap fullsize'  data-section-bg-repeat='no-repeat'><div class='container av-section-cont-open' ><div class='template-page content  av-content-full alpha units'><div class='post-entry post-entry-type-page post-entry-13'><div class='entry-content-wrapper clearfix'>\n<div class='flex_column_table av-lin9ymex-a1f65c16cfd1aa7db119bcbaeb97da33 sc-av_one_full av-equal-height-column-flextable'>\n<style type=\"text\/css\" data-created_by=\"avia_inline_auto\" id=\"style-css-av-lin9ymex-a1f65c16cfd1aa7db119bcbaeb97da33\">\n.flex_column.av-lin9ymex-a1f65c16cfd1aa7db119bcbaeb97da33{\nbackground:url(https:\/\/www.theexchangenetwork.ca\/wp-content\/uploads\/2023\/06\/green_split_background.jpg) 0% 0% no-repeat scroll ;\n}\n<\/style>\n<div  class='flex_column av-lin9ymex-a1f65c16cfd1aa7db119bcbaeb97da33 av_one_full  avia-builder-el-16  el_before_av_one_full  avia-builder-el-first  col-1 first flex_column_table_cell av-equal-height-column av-align-middle'     ><section  class='av_textblock_section av-lin9xa37-5deb7e291e65dcd36ae8b14929daa131'   itemscope=\"itemscope\" itemtype=\"https:\/\/schema.org\/CreativeWork\" ><div class='avia_textblock'  itemprop=\"text\" ><h2>FINI LES SUPPL\u00c9MENTS<\/h2>\n<h4>WITHDRAWALS, DEPOSITS, PIN CHANGES &amp; MORE!<\/h4>\n<\/div><\/section><br \/>\n<div  class='avia-button-wrap av-lin9xor0-3314c48427efa0783223b58e357d1a35-wrap avia-button-left  avia-builder-el-18  el_after_av_textblock  avia-builder-el-last'><a href='https:\/\/www.theexchangenetwork.ca\/fr\/about-the-exchange\/'  class='avia-button av-lin9xor0-3314c48427efa0783223b58e357d1a35 av-link-btn avia-icon_select-no avia-size-small avia-position-left avia-color-theme-color'   aria-label=\"UN MOT SUR THE EXCHANGE\u00ae\"><span class='avia_iconbox_title' >UN MOT SUR THE EXCHANGE\u00ae<\/span><\/a><\/div><\/p><\/div><\/div><!--close column table wrapper. Autoclose: 1 --><div class='flex_column_table av-lina0grg-b5c20b167d339b9416731d374325afcd sc-av_one_full av-equal-height-column-flextable'>\n<style type=\"text\/css\" data-created_by=\"avia_inline_auto\" id=\"style-css-av-lina0grg-b5c20b167d339b9416731d374325afcd\">\n.flex_column.av-lina0grg-b5c20b167d339b9416731d374325afcd{\nbackground:url(https:\/\/www.theexchangenetwork.ca\/wp-content\/uploads\/2023\/06\/white_split_background.jpg) 0% 0% no-repeat scroll ;\n}\n<\/style>\n<div  class='flex_column av-lina0grg-b5c20b167d339b9416731d374325afcd av_one_full  avia-builder-el-19  el_after_av_one_full  avia-builder-el-last  col-2 first flex_column_table_cell av-equal-height-column av-align-middle  column-top-margin'     ><section  class='av_textblock_section av-lina0qe2-2732ab34da474a70475d04663ffed5b6'   itemscope=\"itemscope\" itemtype=\"https:\/\/schema.org\/CreativeWork\" ><div class='avia_textblock'  itemprop=\"text\" ><h2>T\u00c9L\u00c9CHARGEZ L\u2019APPLICATION<\/h2>\n<h4>DISPONIBLE POUR VOTRE T\u00c9L\u00c9PHONE INTELLIGENT, IPAD ET APPLE WATCH!<\/h4>\n<\/div><\/section><br \/>\n<div  class='avia-button-wrap av-lina1162-8a9d54c256075b5146f0074cb22184b1-wrap avia-button-left  avia-builder-el-21  el_after_av_textblock  el_before_av_image'><a href='https:\/\/www.theexchangenetwork.ca\/fr\/downloads\/'  class='avia-button av-lina1162-8a9d54c256075b5146f0074cb22184b1 av-link-btn avia-icon_select-no avia-size-small avia-position-left avia-color-theme-color'   aria-label=\"T\u00c9L\u00c9CHARGEZ MAINTENANT\"><span class='avia_iconbox_title' >T\u00c9L\u00c9CHARGEZ MAINTENANT<\/span><\/a><\/div><br \/>\n\n<style type=\"text\/css\" data-created_by=\"avia_inline_auto\" id=\"style-css-av-lina9m9r-c2e4d651fe5db6e042a0f52614d43c0d\">\n.avia-image-container.av-lina9m9r-c2e4d651fe5db6e042a0f52614d43c0d img.avia_image{\nbox-shadow:none;\n}\n.avia-image-container.av-lina9m9r-c2e4d651fe5db6e042a0f52614d43c0d .av-image-caption-overlay-center{\ncolor:#ffffff;\n}\n<\/style>\n<div  class='avia-image-container av-lina9m9r-c2e4d651fe5db6e042a0f52614d43c0d av-styling- avia-align-center  avia-builder-el-22  el_after_av_button  avia-builder-el-last'   itemprop=\"image\" itemscope=\"itemscope\" itemtype=\"https:\/\/schema.org\/ImageObject\" ><div class=\"avia-image-container-inner\"><div class=\"avia-image-overlay-wrap\"><img decoding=\"async\" fetchpriority=\"high\" class='wp-image-102 avia-img-lazy-loading-not-102 avia_image' src=\"https:\/\/www.theexchangenetwork.ca\/wp-content\/uploads\/2023\/06\/app_phone.png\" alt='phone with map icons' title='app_phone'  height=\"285\" width=\"250\"  itemprop=\"thumbnailUrl\"  \/><\/div><\/div><\/div><\/p><\/div><\/div><!--close column table wrapper. Autoclose: 1 -->\n\n<\/div><\/div><\/div><!-- close content main div --><\/div><\/div>\n<style type=\"text\/css\" data-created_by=\"avia_inline_auto\" id=\"style-css-av-35ybp-d6493a2cc88241a3663cec71f88787d7\">\n.avia-section.av-35ybp-d6493a2cc88241a3663cec71f88787d7{\nbackground-repeat:repeat;\nbackground-image:url(https:\/\/www.theexchangenetwork.ca\/wp-content\/uploads\/2023\/06\/Map_Background.jpg);\nbackground-position:0% 0%;\nbackground-attachment:scroll;\n}\n<\/style>\n<div id='av_section_6'  class='avia-section av-35ybp-d6493a2cc88241a3663cec71f88787d7 main_color avia-section-default avia-no-border-styling  avia-builder-el-23  el_after_av_section  el_before_av_section  invalid-custom-class-found green-heading avia-bg-style-scroll container_wrap fullsize'  data-section-bg-repeat='repeat'><div class='container av-section-cont-open' ><div class='template-page content  av-content-full alpha units'><div class='post-entry post-entry-type-page post-entry-13'><div class='entry-content-wrapper clearfix'>\n<div  class='flex_column av-9dfl-62421034cb130660780c621b39bc4638 av_one_full  avia-builder-el-24  avia-builder-el-no-sibling  first flex_column_div'     ><section  class='av_textblock_section av-linpvsjt-1980cc1a4c236f3c50dd296bd4ae3301'   itemscope=\"itemscope\" itemtype=\"https:\/\/schema.org\/CreativeWork\" ><div class='avia_textblock'  itemprop=\"text\" ><h2 style=\"text-align: center;\">UN VOYAGE AUX US?<\/h2>\n<\/div><\/section><\/div>\n\n<\/div><\/div><\/div><!-- close content main div --><\/div><\/div>\n<style type=\"text\/css\" data-created_by=\"avia_inline_auto\" id=\"style-css-av-1xu1x-f6f763a84bac182bb96841f3083aff05\">\n.avia-section.av-1xu1x-f6f763a84bac182bb96841f3083aff05{\nbackground-repeat:no-repeat;\nbackground-image:url(https:\/\/www.theexchangenetwork.ca\/wp-content\/uploads\/2023\/06\/Map_Background.jpg);\nbackground-position:0% 0%;\nbackground-attachment:scroll;\n}\n<\/style>\n<div id='av_section_7'  class='avia-section av-1xu1x-f6f763a84bac182bb96841f3083aff05 main_color avia-section-default avia-no-border-styling  avia-builder-el-26  el_after_av_section  avia-builder-el-last  col-2-section col-2-center-img mobile-column-reverse avia-bg-style-scroll container_wrap fullsize'  data-section-bg-repeat='no-repeat'><div class='container av-section-cont-open' ><div class='template-page content  av-content-full alpha units'><div class='post-entry post-entry-type-page post-entry-13'><div class='entry-content-wrapper clearfix'>\n<div class='flex_column_table av-1ciuh-e6353eab92576f2d45ae94e625b5a20e sc-av_one_full av-equal-height-column-flextable'><div  class='flex_column av-1ciuh-e6353eab92576f2d45ae94e625b5a20e av_one_full  avia-builder-el-27  el_before_av_one_full  avia-builder-el-first  first flex_column_table_cell av-equal-height-column av-align-middle'     ><p><section  class='av_textblock_section av-linpqpa6-cacae8f1ec12698e521400a41dc9e063'   itemscope=\"itemscope\" itemtype=\"https:\/\/schema.org\/CreativeWork\" ><div class='avia_textblock'  itemprop=\"text\" ><p>Que vous voyagiez aux \u00c9tats-Unis pour affaires ou durant vos vacances, en tant que titulaire de carte EXCHANGE canadien, vous pouvez toujours utiliser votre carte de d\u00e9bit pour acc\u00e9der \u00e0 votre argent par l\u2019entremise du r\u00e9seau Allpoint ou du r\u00e9seau de paiement par carte de d\u00e9bit Accel.<\/p>\n<\/div><\/section><br \/>\n<div  class='avia-button-wrap av-linpwauv-97e4313a64c2c7f5f604fac85fd915be-wrap avia-button-left  avia-builder-el-29  el_after_av_textblock  el_before_av_textblock'><a href='https:\/\/www.theexchangenetwork.ca\/fr\/traveling-to-the-us\/'  class='avia-button av-linpwauv-97e4313a64c2c7f5f604fac85fd915be av-link-btn avia-icon_select-no avia-size-small avia-position-left avia-color-theme-color'   aria-label=\"EN SAVOIR PLUS\"><span class='avia_iconbox_title' >EN SAVOIR PLUS<\/span><\/a><\/div><br \/>\n<section  class='av_textblock_section av-linpsdbi-ec6864d01c5011b08fefd30675ae38c7'   itemscope=\"itemscope\" itemtype=\"https:\/\/schema.org\/CreativeWork\" ><div class='avia_textblock'  itemprop=\"text\" ><p><a class=\"atm-locator-cta\" href=\"https:\/\/www.theexchangenetwork.ca\/fr\/Find-An-ATM.aspx\/\">LOCALISATEUR DE GAB AUX \u00c9TATS-UNIS<\/a><\/p>\n<\/div><\/section><\/p><\/div><\/div><!--close column table wrapper. Autoclose: 1 --><div  class='flex_column av-10an9-f5a8af5f2cf8d87a15e9e3284bfc5a28 av_one_full  avia-builder-el-31  el_after_av_one_full  avia-builder-el-last  first flex_column_div  column-top-margin'     ><style type=\"text\/css\" data-created_by=\"avia_inline_auto\" id=\"style-css-av-linpqflt-ca10fb9b3ed93f033af9050749c86a87\">\n.avia-image-container.av-linpqflt-ca10fb9b3ed93f033af9050749c86a87 img.avia_image{\nbox-shadow:none;\n}\n.avia-image-container.av-linpqflt-ca10fb9b3ed93f033af9050749c86a87 .av-image-caption-overlay-center{\ncolor:#ffffff;\n}\n<\/style>\n<div  class='avia-image-container av-linpqflt-ca10fb9b3ed93f033af9050749c86a87 av-styling- avia-align-center  avia-builder-el-32  avia-builder-el-no-sibling'   itemprop=\"image\" itemscope=\"itemscope\" itemtype=\"https:\/\/schema.org\/ImageObject\" ><div class=\"avia-image-container-inner\"><div class=\"avia-image-overlay-wrap\"><img decoding=\"async\" fetchpriority=\"high\" class='wp-image-103 avia-img-lazy-loading-not-103 avia_image' src=\"https:\/\/www.theexchangenetwork.ca\/wp-content\/uploads\/2023\/06\/atm_locations_map_FR_1.png\" alt='moving to the US diagram' title='atm_locations_map_1_FR'  height=\"311\" width=\"529\"  itemprop=\"thumbnailUrl\" srcset=\"https:\/\/www.theexchangenetwork.ca\/wp-content\/uploads\/2023\/06\/atm_locations_map_FR_1.png 529w, https:\/\/www.theexchangenetwork.ca\/wp-content\/uploads\/2023\/06\/atm_locations_map_FR_1-300x176.png 300w, https:\/\/www.theexchangenetwork.ca\/wp-content\/uploads\/2023\/06\/atm_locations_map_FR_1-18x12.png 18w\" sizes=\"(max-width: 529px) 100vw, 529px\" \/><\/div><\/div><\/div><\/div>","protected":false},"excerpt":{"rendered":"","protected":false},"author":1,"featured_media":0,"parent":0,"menu_order":0,"comment_status":"closed","ping_status":"closed","template":"","meta":{"footnotes":""},"class_list":["post-13","page","type-page","status-publish","hentry"],"yoast_head":"<!-- This site is optimized with the Yoast SEO plugin v27.5 - https:\/\/yoast.com\/product\/yoast-seo-wordpress\/ -->\n<title>The Exchange Network of Surcharge-Free ATMs<\/title>\n<meta name=\"description\" content=\"With thousands of surcharge-free ATMs in our network, cardholders who bank with a partner of The Exchange Network can save on withdrawals.\" \/>\n<meta name=\"robots\" content=\"index, follow, max-snippet:-1, max-image-preview:large, max-video-preview:-1\" \/>\n<link rel=\"canonical\" href=\"https:\/\/www.theexchangenetwork.ca\/fr\/home\/\" \/>\n<script type=\"application\/ld+json\" class=\"yoast-schema-graph\">{\"@context\":\"https:\\\/\\\/schema.org\",\"@graph\":[{\"@type\":\"WebPage\",\"@id\":\"https:\\\/\\\/www.theexchangenetwork.ca\\\/home\\\/\",\"url\":\"https:\\\/\\\/www.theexchangenetwork.ca\\\/home\\\/\",\"name\":\"The Exchange Network of Surcharge-Free ATMs\",\"isPartOf\":{\"@id\":\"https:\\\/\\\/www.theexchangenetwork.ca\\\/#website\"},\"datePublished\":\"2023-06-06T22:35:04+00:00\",\"dateModified\":\"2025-03-13T16:11:22+00:00\",\"description\":\"With thousands of surcharge-free ATMs in our network, cardholders who bank with a partner of The Exchange Network can save on withdrawals.\",\"breadcrumb\":{\"@id\":\"https:\\\/\\\/www.theexchangenetwork.ca\\\/home\\\/#breadcrumb\"},\"inLanguage\":\"fr-CA\",\"potentialAction\":[{\"@type\":\"ReadAction\",\"target\":[\"https:\\\/\\\/www.theexchangenetwork.ca\\\/home\\\/\"]}]},{\"@type\":\"BreadcrumbList\",\"@id\":\"https:\\\/\\\/www.theexchangenetwork.ca\\\/home\\\/#breadcrumb\",\"itemListElement\":[{\"@type\":\"ListItem\",\"position\":1,\"name\":\"Home\",\"item\":\"https:\\\/\\\/www.theexchangenetwork.ca\\\/home\\\/\"},{\"@type\":\"ListItem\",\"position\":2,\"name\":\"Home\"}]},{\"@type\":\"WebSite\",\"@id\":\"https:\\\/\\\/www.theexchangenetwork.ca\\\/#website\",\"url\":\"https:\\\/\\\/www.theexchangenetwork.ca\\\/\",\"name\":\"The Exchange Network\",\"description\":\"THE EXCHANGE Network is a group of banks and credit unions that have come together and agreed to let their cardholders use each others ATMs as if they were their own.\",\"potentialAction\":[{\"@type\":\"SearchAction\",\"target\":{\"@type\":\"EntryPoint\",\"urlTemplate\":\"https:\\\/\\\/www.theexchangenetwork.ca\\\/?s={search_term_string}\"},\"query-input\":{\"@type\":\"PropertyValueSpecification\",\"valueRequired\":true,\"valueName\":\"search_term_string\"}}],\"inLanguage\":\"fr-CA\"}]}<\/script>\n<!-- \/ Yoast SEO plugin. -->","yoast_head_json":{"title":"The Exchange Network of Surcharge-Free ATMs","description":"With thousands of surcharge-free ATMs in our network, cardholders who bank with a partner of The Exchange Network can save on withdrawals.","robots":{"index":"index","follow":"follow","max-snippet":"max-snippet:-1","max-image-preview":"max-image-preview:large","max-video-preview":"max-video-preview:-1"},"canonical":"https:\/\/www.theexchangenetwork.ca\/fr\/home\/","schema":{"@context":"https:\/\/schema.org","@graph":[{"@type":"WebPage","@id":"https:\/\/www.theexchangenetwork.ca\/home\/","url":"https:\/\/www.theexchangenetwork.ca\/home\/","name":"The Exchange Network of Surcharge-Free ATMs","isPartOf":{"@id":"https:\/\/www.theexchangenetwork.ca\/#website"},"datePublished":"2023-06-06T22:35:04+00:00","dateModified":"2025-03-13T16:11:22+00:00","description":"With thousands of surcharge-free ATMs in our network, cardholders who bank with a partner of The Exchange Network can save on withdrawals.","breadcrumb":{"@id":"https:\/\/www.theexchangenetwork.ca\/home\/#breadcrumb"},"inLanguage":"fr-CA","potentialAction":[{"@type":"ReadAction","target":["https:\/\/www.theexchangenetwork.ca\/home\/"]}]},{"@type":"BreadcrumbList","@id":"https:\/\/www.theexchangenetwork.ca\/home\/#breadcrumb","itemListElement":[{"@type":"ListItem","position":1,"name":"Home","item":"https:\/\/www.theexchangenetwork.ca\/home\/"},{"@type":"ListItem","position":2,"name":"Home"}]},{"@type":"WebSite","@id":"https:\/\/www.theexchangenetwork.ca\/#website","url":"https:\/\/www.theexchangenetwork.ca\/","name":"The Exchange Network","description":"THE EXCHANGE Network is a group of banks and credit unions that have come together and agreed to let their cardholders use each others ATMs as if they were their own.","potentialAction":[{"@type":"SearchAction","target":{"@type":"EntryPoint","urlTemplate":"https:\/\/www.theexchangenetwork.ca\/?s={search_term_string}"},"query-input":{"@type":"PropertyValueSpecification","valueRequired":true,"valueName":"search_term_string"}}],"inLanguage":"fr-CA"}]}},"_links":{"self":[{"href":"https:\/\/www.theexchangenetwork.ca\/fr\/wp-json\/wp\/v2\/pages\/13","targetHints":{"allow":["GET"]}}],"collection":[{"href":"https:\/\/www.theexchangenetwork.ca\/fr\/wp-json\/wp\/v2\/pages"}],"about":[{"href":"https:\/\/www.theexchangenetwork.ca\/fr\/wp-json\/wp\/v2\/types\/page"}],"author":[{"embeddable":true,"href":"https:\/\/www.theexchangenetwork.ca\/fr\/wp-json\/wp\/v2\/users\/1"}],"replies":[{"embeddable":true,"href":"https:\/\/www.theexchangenetwork.ca\/fr\/wp-json\/wp\/v2\/comments?post=13"}],"version-history":[{"count":60,"href":"https:\/\/www.theexchangenetwork.ca\/fr\/wp-json\/wp\/v2\/pages\/13\/revisions"}],"predecessor-version":[{"id":407,"href":"https:\/\/www.theexchangenetwork.ca\/fr\/wp-json\/wp\/v2\/pages\/13\/revisions\/407"}],"wp:attachment":[{"href":"https:\/\/www.theexchangenetwork.ca\/fr\/wp-json\/wp\/v2\/media?parent=13"}],"curies":[{"name":"wp","href":"https:\/\/api.w.org\/{rel}","templated":true}]}}